{"id":9502,"date":"2022-05-05T18:18:38","date_gmt":"2022-05-05T21:18:38","guid":{"rendered":"https:\/\/floripa-airport.kaptiva.com.br\/index.php\/produto\/capacitacao-de-acesso-na-area-de-manobras-externo\/"},"modified":"2023-09-25T19:03:54","modified_gmt":"2023-09-25T22:03:54","slug":"capacitacao-de-acesso-na-area-de-manobras-externo","status":"publish","type":"product","link":"https:\/\/floripa-airport.kaptiva.com.br\/index.php\/produto\/capacitacao-de-acesso-na-area-de-manobras-externo\/","title":{"rendered":"Capacita\u00e7\u00e3o de Acesso na \u00e1rea de Manobras"},"content":{"rendered":"","protected":false},"excerpt":{"rendered":"<p align=\"justify\">Este treinamento \u00e9 destinado aos colaboradores de empresas a\u00e9reas, ESATAS e demais prestadores de servi\u00e7os autorizados, no exerc\u00edcio das suas atribui\u00e7\u00f5es que conduzem na \u00e1rea de manobras do aeroporto a fim de garantir a seguran\u00e7a operacional das atividades na respectiva \u00e1rea, conforme RBAC 153.37 (Regulamento Brasileiro de Avia\u00e7\u00e3o Civil).<\/p>\n","protected":false},"featured_media":9937,"template":"elementor_theme","meta":{"_uag_custom_page_level_css":"","site-sidebar-layout":"no-sidebar","site-content-layout":"plain-container","ast-main-header-display":"","ast-hfb-above-header-display":"","ast-hfb-below-header-display":"","ast-hfb-mobile-header-display":"","site-post-title":"","ast-breadcrumbs-content":"","ast-featured-img":"","footer-sml-layout":"","theme-transparent-header-meta":"default","adv-header-id-meta":"","stick-header-meta":"default","header-above-stick-meta":"","header-main-stick-meta":"","header-below-stick-meta":""},"product_cat":[37],"product_tag":[],"acf":[],"uagb_featured_image_src":{"full":["https:\/\/floripa-airport.kaptiva.com.br\/wp-content\/uploads\/2022\/05\/ACESSO_v3.png",800,600,false],"thumbnail":["https:\/\/floripa-airport.kaptiva.com.br\/wp-content\/uploads\/2022\/05\/ACESSO_v3-150x150.png",150,150,true],"medium":["https:\/\/floripa-airport.kaptiva.com.br\/wp-content\/uploads\/2022\/05\/ACESSO_v3-300x225.png",300,225,true],"medium_large":["https:\/\/floripa-airport.kaptiva.com.br\/wp-content\/uploads\/2022\/05\/ACESSO_v3-768x576.png",768,576,true],"large":["https:\/\/floripa-airport.kaptiva.com.br\/wp-content\/uploads\/2022\/05\/ACESSO_v3.png",800,600,false],"1536x1536":["https:\/\/floripa-airport.kaptiva.com.br\/wp-content\/uploads\/2022\/05\/ACESSO_v3.png",800,600,false],"2048x2048":["https:\/\/floripa-airport.kaptiva.com.br\/wp-content\/uploads\/2022\/05\/ACESSO_v3.png",800,600,false],"course_single":["https:\/\/floripa-airport.kaptiva.com.br\/wp-content\/uploads\/2022\/05\/ACESSO_v3.png",600,450,false],"course_archive":["https:\/\/floripa-airport.kaptiva.com.br\/wp-content\/uploads\/2022\/05\/ACESSO_v3.png",200,150,false],"woocommerce_thumbnail":["https:\/\/floripa-airport.kaptiva.com.br\/wp-content\/uploads\/2022\/05\/ACESSO_v3-300x225.png",300,225,true],"woocommerce_single":["https:\/\/floripa-airport.kaptiva.com.br\/wp-content\/uploads\/2022\/05\/ACESSO_v3-600x450.png",600,450,true],"woocommerce_gallery_thumbnail":["https:\/\/floripa-airport.kaptiva.com.br\/wp-content\/uploads\/2022\/05\/ACESSO_v3-100x100.png",100,100,true],"shop_catalog":["https:\/\/floripa-airport.kaptiva.com.br\/wp-content\/uploads\/2022\/05\/ACESSO_v3-300x225.png",300,225,true],"shop_single":["https:\/\/floripa-airport.kaptiva.com.br\/wp-content\/uploads\/2022\/05\/ACESSO_v3-600x450.png",600,450,true],"shop_thumbnail":["https:\/\/floripa-airport.kaptiva.com.br\/wp-content\/uploads\/2022\/05\/ACESSO_v3-100x100.png",100,100,true]},"uagb_author_info":{"display_name":"Elson da Silva Santos","author_link":"https:\/\/floripa-airport.kaptiva.com.br\/index.php\/author\/"},"uagb_comment_info":0,"uagb_excerpt":"Este treinamento \u00e9 destinado aos colaboradores de empresas a\u00e9reas, ESATAS e demais prestadores de servi\u00e7os autorizados, no exerc\u00edcio das suas atribui\u00e7\u00f5es que conduzem na \u00e1rea de manobras do aeroporto a fim de garantir a seguran\u00e7a operacional das atividades na respectiva \u00e1rea, conforme RBAC 153.37 (Regulamento Brasileiro de Avia\u00e7\u00e3o Civil).","_links":{"self":[{"href":"https:\/\/floripa-airport.kaptiva.com.br\/index.php\/wp-json\/wp\/v2\/product\/9502"}],"collection":[{"href":"https:\/\/floripa-airport.kaptiva.com.br\/index.php\/wp-json\/wp\/v2\/product"}],"about":[{"href":"https:\/\/floripa-airport.kaptiva.com.br\/index.php\/wp-json\/wp\/v2\/types\/product"}],"version-history":[{"count":2,"href":"https:\/\/floripa-airport.kaptiva.com.br\/index.php\/wp-json\/wp\/v2\/product\/9502\/revisions"}],"predecessor-version":[{"id":9505,"href":"https:\/\/floripa-airport.kaptiva.com.br\/index.php\/wp-json\/wp\/v2\/product\/9502\/revisions\/9505"}],"wp:featuredmedia":[{"embeddable":true,"href":"https:\/\/floripa-airport.kaptiva.com.br\/index.php\/wp-json\/wp\/v2\/media\/9937"}],"wp:attachment":[{"href":"https:\/\/floripa-airport.kaptiva.com.br\/index.php\/wp-json\/wp\/v2\/media?parent=9502"}],"wp:term":[{"taxonomy":"product_cat","embeddable":true,"href":"https:\/\/floripa-airport.kaptiva.com.br\/index.php\/wp-json\/wp\/v2\/product_cat?post=9502"},{"taxonomy":"product_tag","embeddable":true,"href":"https:\/\/floripa-airport.kaptiva.com.br\/index.php\/wp-json\/wp\/v2\/product_tag?post=9502"}],"curies":[{"name":"wp","href":"https:\/\/api.w.org\/{rel}","templated":true}]}}