{"id":9500,"date":"2022-05-05T18:18:37","date_gmt":"2022-05-05T21:18:37","guid":{"rendered":"https:\/\/floripa-airport.kaptiva.com.br\/index.php\/produto\/conscientizacao-em-avsec-externo\/"},"modified":"2024-02-06T16:58:27","modified_gmt":"2024-02-06T19:58:27","slug":"conscientizacao-em-avsec-externo","status":"publish","type":"product","link":"https:\/\/floripa-airport.kaptiva.com.br\/index.php\/produto\/conscientizacao-em-avsec-externo\/","title":{"rendered":"Conscientiza\u00e7\u00e3o com AVSEC + B\u00f4nus"},"content":{"rendered":"<p>Este treinamento \u00e9 destinado a todos os profissionais que desenvolvem atividades na \u00e1rea operacional do aer\u00f3dromo, conforme RBAC 107 (Regulamento Brasileiro de Avia\u00e7\u00e3o Civil).<\/p>\n","protected":false},"excerpt":{"rendered":"<p>Com objetivo de conscientizar os profissionais do aeroporto contra Atos de Interfer\u00eancia Il\u00edcita capacitando para identificar riscos, atos criminosos e poss\u00edveis amea\u00e7as que possam comprometer a seguran\u00e7a da avia\u00e7\u00e3o civil e o transporte a\u00e9reo.<\/p>\n<p><b>B\u00f4nus 1<\/b><\/p>\n<p><b>Curso Algo a Mais \u2013 Atendimento de Excel\u00eancia<\/b><\/p>\n<p>Conhe\u00e7a as ferramentas poderosas para um atendimento de Excel\u00eancia nos Melhores Aeroportos do Brasil.<\/p>\n<p><b>B\u00f4nus 2<\/b><\/p>\n<p><b>Curso Enfrentamento ao Tr\u00e1fico de Pessoas (Projeto Liberdade no Ar\/MP)<\/b><\/p>\n<p>O objetivo de conscientizar a sociedade, funcion\u00e1rios, passageiros e empresas sobre sua contribui\u00e7\u00e3o no combate ao tr\u00e1fico de pessoas no Brasil, incluindo o combate no contexto aeroportu\u00e1rio.<\/p>\n<p>&nbsp;<\/p>\n","protected":false},"featured_media":9642,"template":"elementor_theme","meta":{"_uag_custom_page_level_css":"","site-sidebar-layout":"no-sidebar","site-content-layout":"plain-container","ast-main-header-display":"","ast-hfb-above-header-display":"","ast-hfb-below-header-display":"","ast-hfb-mobile-header-display":"","site-post-title":"","ast-breadcrumbs-content":"","ast-featured-img":"","footer-sml-layout":"","theme-transparent-header-meta":"default","adv-header-id-meta":"","stick-header-meta":"default","header-above-stick-meta":"","header-main-stick-meta":"","header-below-stick-meta":""},"product_cat":[37],"product_tag":[],"acf":[],"uagb_featured_image_src":{"full":["https:\/\/floripa-airport.kaptiva.com.br\/wp-content\/uploads\/2022\/05\/AVSEC_v2.png",800,600,false],"thumbnail":["https:\/\/floripa-airport.kaptiva.com.br\/wp-content\/uploads\/2022\/05\/AVSEC_v2-150x150.png",150,150,true],"medium":["https:\/\/floripa-airport.kaptiva.com.br\/wp-content\/uploads\/2022\/05\/AVSEC_v2-300x225.png",300,225,true],"medium_large":["https:\/\/floripa-airport.kaptiva.com.br\/wp-content\/uploads\/2022\/05\/AVSEC_v2-768x576.png",768,576,true],"large":["https:\/\/floripa-airport.kaptiva.com.br\/wp-content\/uploads\/2022\/05\/AVSEC_v2.png",800,600,false],"1536x1536":["https:\/\/floripa-airport.kaptiva.com.br\/wp-content\/uploads\/2022\/05\/AVSEC_v2.png",800,600,false],"2048x2048":["https:\/\/floripa-airport.kaptiva.com.br\/wp-content\/uploads\/2022\/05\/AVSEC_v2.png",800,600,false],"course_single":["https:\/\/floripa-airport.kaptiva.com.br\/wp-content\/uploads\/2022\/05\/AVSEC_v2.png",600,450,false],"course_archive":["https:\/\/floripa-airport.kaptiva.com.br\/wp-content\/uploads\/2022\/05\/AVSEC_v2.png",200,150,false],"woocommerce_thumbnail":["https:\/\/floripa-airport.kaptiva.com.br\/wp-content\/uploads\/2022\/05\/AVSEC_v2-300x225.png",300,225,true],"woocommerce_single":["https:\/\/floripa-airport.kaptiva.com.br\/wp-content\/uploads\/2022\/05\/AVSEC_v2-600x450.png",600,450,true],"woocommerce_gallery_thumbnail":["https:\/\/floripa-airport.kaptiva.com.br\/wp-content\/uploads\/2022\/05\/AVSEC_v2-100x100.png",100,100,true],"shop_catalog":["https:\/\/floripa-airport.kaptiva.com.br\/wp-content\/uploads\/2022\/05\/AVSEC_v2-300x225.png",300,225,true],"shop_single":["https:\/\/floripa-airport.kaptiva.com.br\/wp-content\/uploads\/2022\/05\/AVSEC_v2-600x450.png",600,450,true],"shop_thumbnail":["https:\/\/floripa-airport.kaptiva.com.br\/wp-content\/uploads\/2022\/05\/AVSEC_v2-100x100.png",100,100,true]},"uagb_author_info":{"display_name":"Elson da Silva Santos","author_link":"https:\/\/floripa-airport.kaptiva.com.br\/index.php\/author\/"},"uagb_comment_info":0,"uagb_excerpt":"Com objetivo de conscientizar os profissionais do aeroporto contra Atos de Interfer\u00eancia Il\u00edcita capacitando para identificar riscos, atos criminosos e poss\u00edveis amea\u00e7as que possam comprometer a seguran\u00e7a da avia\u00e7\u00e3o civil e o transporte a\u00e9reo. B\u00f4nus 1 Curso Algo a Mais \u2013 Atendimento de Excel\u00eancia Conhe\u00e7a as ferramentas poderosas para um atendimento de Excel\u00eancia nos Melhores&hellip;","_links":{"self":[{"href":"https:\/\/floripa-airport.kaptiva.com.br\/index.php\/wp-json\/wp\/v2\/product\/9500"}],"collection":[{"href":"https:\/\/floripa-airport.kaptiva.com.br\/index.php\/wp-json\/wp\/v2\/product"}],"about":[{"href":"https:\/\/floripa-airport.kaptiva.com.br\/index.php\/wp-json\/wp\/v2\/types\/product"}],"version-history":[{"count":11,"href":"https:\/\/floripa-airport.kaptiva.com.br\/index.php\/wp-json\/wp\/v2\/product\/9500\/revisions"}],"predecessor-version":[{"id":10903,"href":"https:\/\/floripa-airport.kaptiva.com.br\/index.php\/wp-json\/wp\/v2\/product\/9500\/revisions\/10903"}],"wp:featuredmedia":[{"embeddable":true,"href":"https:\/\/floripa-airport.kaptiva.com.br\/index.php\/wp-json\/wp\/v2\/media\/9642"}],"wp:attachment":[{"href":"https:\/\/floripa-airport.kaptiva.com.br\/index.php\/wp-json\/wp\/v2\/media?parent=9500"}],"wp:term":[{"taxonomy":"product_cat","embeddable":true,"href":"https:\/\/floripa-airport.kaptiva.com.br\/index.php\/wp-json\/wp\/v2\/product_cat?post=9500"},{"taxonomy":"product_tag","embeddable":true,"href":"https:\/\/floripa-airport.kaptiva.com.br\/index.php\/wp-json\/wp\/v2\/product_tag?post=9500"}],"curies":[{"name":"wp","href":"https:\/\/api.w.org\/{rel}","templated":true}]}}